{"id":329037,"date":"2021-06-08T16:55:07","date_gmt":"2021-06-08T14:55:07","guid":{"rendered":"https:\/\/www.informatika.si\/offer\/"},"modified":"2021-06-08T16:55:07","modified_gmt":"2021-06-08T14:55:07","slug":"offer","status":"publish","type":"page","link":"https:\/\/www.informatika.si\/en\/offer\/","title":{"rendered":"Offer"},"content":{"rendered":"<p>[et_pb_section fb_built=&#8221;1&#8243; admin_label=&#8221;section&#8221; _builder_version=&#8221;4.7.3&#8243; custom_padding=&#8221;75px||75px||true|false&#8221; animation_style=&#8221;zoom&#8221; animation_intensity_zoom=&#8221;5%&#8221; hover_enabled=&#8221;0&#8243; global_module=&#8221;248106&#8243; saved_tabs=&#8221;all&#8221; background_enable_color=&#8221;off&#8221; title_text=&#8221;Circuit &#8211; 27725&#8243; background_video_mp4=&#8221;https:\/\/www.informatika.si\/wp-content\/uploads\/2020\/12\/Circuit-27725.mp4&#8243; sticky_enabled=&#8221;0&#8243;][et_pb_row admin_label=&#8221;row&#8221; _builder_version=&#8221;4.7.3&#8243; background_size=&#8221;initial&#8221; background_position=&#8221;top_left&#8221; background_repeat=&#8221;repeat&#8221; custom_padding=&#8221;35px|||||&#8221; hover_enabled=&#8221;0&#8243; border_color_bottom=&#8221;#17223e&#8221; sticky_enabled=&#8221;0&#8243;][et_pb_column type=&#8221;4_4&#8243; _builder_version=&#8221;3.25&#8243; custom_padding=&#8221;|||&#8221; custom_padding__hover=&#8221;|||&#8221;][et_pb_post_title meta=&#8221;off&#8221; featured_image=&#8221;off&#8221; _builder_version=&#8221;4.7.3&#8243; _module_preset=&#8221;default&#8221; title_font_size=&#8221;30px&#8221; animation_style=&#8221;slide&#8221; animation_direction=&#8221;left&#8221; animation_intensity_slide=&#8221;2%&#8221; hover_enabled=&#8221;0&#8243; text_orientation=&#8221;center&#8221; text_color=&#8221;light&#8221; sticky_enabled=&#8221;0&#8243; title_text_align=&#8221;center&#8221; title_font=&#8221;|||on|||||&#8221; title_letter_spacing=&#8221;2px&#8221;][\/et_pb_post_title][\/et_pb_column][\/et_pb_row][\/et_pb_section][et_pb_section fb_built=&#8221;1&#8243; _builder_version=&#8221;4.7.3&#8243; _module_preset=&#8221;default&#8221;][et_pb_row _builder_version=&#8221;4.7.3&#8243; _module_preset=&#8221;default&#8221;][et_pb_column type=&#8221;4_4&#8243; _builder_version=&#8221;4.7.3&#8243; _module_preset=&#8221;default&#8221;][et_pb_text module_class=&#8221;h2-under&#8221; _builder_version=&#8221;4.7.3&#8243; _module_preset=&#8221;default&#8221; header_2_text_color=&#8221;#17223e&#8221; custom_margin=&#8221;||19px||false|false&#8221;]<\/p>\n<h2>Gostovanje re\u0161itev<\/h2>\n<p>[\/et_pb_text][et_pb_divider color=&#8221;#dddddd&#8221; divider_weight=&#8221;5px&#8221; _builder_version=&#8221;4.7.3&#8243; _module_preset=&#8221;default&#8221; width=&#8221;100px&#8221; custom_margin=&#8221;||10px||false|false&#8221; animation_style=&#8221;slide&#8221; animation_direction=&#8221;right&#8221; animation_intensity_slide=&#8221;16%&#8221;][\/et_pb_divider][et_pb_text _builder_version=&#8221;4.7.3&#8243; _module_preset=&#8221;default&#8221;]<\/p>\n<p>Ra\u010dunalni\u0161tvo v oblaku spreminja igro. Pritiski na ni\u017eanje stro\u0161kov dobave in vzdr\u017eevanja infrastrukture ob hkratni zahtevi po fleksibilni in skalabilni platformi so vedno ve\u010dji. Iz tega razloga Informatika ponuja vse svoje re\u0161itve kot storitve v oblaku, saj lahko le na ta na\u010din zadovoljimo zahteve kot so:<\/p>\n<p>[\/et_pb_text][\/et_pb_column][\/et_pb_row][et_pb_row column_structure=&#8221;1_4,1_4,1_4,1_4&#8243; _builder_version=&#8221;4.7.3&#8243; _module_preset=&#8221;default&#8221;][et_pb_column type=&#8221;1_4&#8243; _builder_version=&#8221;4.7.3&#8243; _module_preset=&#8221;default&#8221;][et_pb_blurb title=&#8221;Flexible and scalable services, with no need for significant investments&#8221; image=&#8221;https:\/\/www.informatika.si\/wp-content\/uploads\/2020\/11\/001-save-money.png&#8221; image_max_width=&#8221;40%&#8221; _builder_version=&#8221;4.7.3&#8243; _module_preset=&#8221;default&#8221; header_font_size=&#8221;17px&#8221; text_orientation=&#8221;center&#8221; custom_css_blurb_title=&#8221;margin-top:-15px&#8221;][\/et_pb_blurb][\/et_pb_column][et_pb_column type=&#8221;1_4&#8243; _builder_version=&#8221;4.7.3&#8243; _module_preset=&#8221;default&#8221;][et_pb_blurb title=&#8221;Pay-per-usage models&#8221; image=&#8221;https:\/\/www.informatika.si\/wp-content\/uploads\/2020\/11\/002-calculator.png&#8221; image_max_width=&#8221;40%&#8221; _builder_version=&#8221;4.7.3&#8243; _module_preset=&#8221;default&#8221; header_font_size=&#8221;17px&#8221; text_orientation=&#8221;center&#8221; custom_css_blurb_title=&#8221;margin-top:-15px&#8221;][\/et_pb_blurb][\/et_pb_column][et_pb_column type=&#8221;1_4&#8243; _builder_version=&#8221;4.7.3&#8243; _module_preset=&#8221;default&#8221;][et_pb_blurb title=&#8221;Instant start for using the provided services&#8221; image=&#8221;https:\/\/www.informatika.si\/wp-content\/uploads\/2020\/11\/003-clock.png&#8221; image_max_width=&#8221;40%&#8221; _builder_version=&#8221;4.7.3&#8243; _module_preset=&#8221;default&#8221; header_font_size=&#8221;17px&#8221; text_orientation=&#8221;center&#8221; custom_css_blurb_title=&#8221;margin-top:-15px&#8221;][\/et_pb_blurb][\/et_pb_column][et_pb_column type=&#8221;1_4&#8243; _builder_version=&#8221;4.7.3&#8243; _module_preset=&#8221;default&#8221;][et_pb_blurb title=&#8221;Environment friendly and energy efficient&#8221; image=&#8221;https:\/\/www.informatika.si\/wp-content\/uploads\/2020\/11\/004-checklist.png&#8221; image_max_width=&#8221;40%&#8221; _builder_version=&#8221;4.7.3&#8243; _module_preset=&#8221;default&#8221; header_font_size=&#8221;17px&#8221; text_orientation=&#8221;center&#8221; custom_css_blurb_title=&#8221;margin-top:-15px&#8221;][\/et_pb_blurb][\/et_pb_column][\/et_pb_row][et_pb_row _builder_version=&#8221;4.7.3&#8243; _module_preset=&#8221;default&#8221;][et_pb_column type=&#8221;4_4&#8243; _builder_version=&#8221;4.7.3&#8243; _module_preset=&#8221;default&#8221;][et_pb_text _builder_version=&#8221;4.7.3&#8243; _module_preset=&#8221;default&#8221;]<\/p>\n<p>Informatika, d.d. se je pozicionirala kot ponudnik storitev v oblaku in nudi celotno end-to-end podporo. Stranka se lahko tako v celoti posveti optimizaciji in avtomatizaciji svojih poslovnih procesov, izzivi na IT re\u0161itvah in infrastrukturi ostanejo nam.<\/p>\n<p>Informatika, d.d. je vodilni ponudnik in izvajalec informacijske podpore distributerjem elektri\u010dne energije na slovenskem trgu in nekaterim njihovim povezanim dru\u017ebam. Re\u0161itve Informatike, d.d. uporablja \u017ee ve\u010d kot 1500 uporabnikov. Poleg informacijskih re\u0161itev ponujamo tudi re\u0161itve tiskanja in kuvertiranja mno\u017ei\u010dnih dokumentov.<\/p>\n<p>[\/et_pb_text][\/et_pb_column][\/et_pb_row][\/et_pb_section][et_pb_section fb_built=&#8221;1&#8243; module_id=&#8221;svetovanje&#8221; _builder_version=&#8221;4.7.3&#8243; _module_preset=&#8221;default&#8221; background_enable_color=&#8221;off&#8221; use_background_color_gradient=&#8221;on&#8221; background_color_gradient_start=&#8221;#ffffff&#8221; background_color_gradient_end=&#8221;#eeeeee&#8221; background_color_gradient_direction=&#8221;173deg&#8221; background_color_gradient_start_position=&#8221;15%&#8221; background_color_gradient_end_position=&#8221;15.2%&#8221; bottom_divider_height=&#8221;213px&#8221;][et_pb_row column_structure=&#8221;1_2,1_4,1_4&#8243; make_equal=&#8221;on&#8221; _builder_version=&#8221;4.7.3&#8243; _module_preset=&#8221;default&#8221;][et_pb_column type=&#8221;1_2&#8243; module_class=&#8221;ds-vertical-align&#8221; _builder_version=&#8221;4.7.3&#8243; _module_preset=&#8221;default&#8221;][et_pb_text module_class=&#8221;h2-under&#8221; _builder_version=&#8221;4.7.3&#8243; _module_preset=&#8221;default&#8221; header_2_text_color=&#8221;#17223e&#8221; custom_margin=&#8221;||19px||false|false&#8221;]<\/p>\n<h2>Svetovanje<\/h2>\n<p>[\/et_pb_text][et_pb_divider color=&#8221;#dddddd&#8221; divider_weight=&#8221;5px&#8221; _builder_version=&#8221;4.7.3&#8243; _module_preset=&#8221;default&#8221; width=&#8221;100px&#8221; custom_margin=&#8221;||10px||false|false&#8221; animation_style=&#8221;slide&#8221; animation_direction=&#8221;right&#8221; animation_intensity_slide=&#8221;16%&#8221;][\/et_pb_divider][et_pb_text _builder_version=&#8221;4.7.3&#8243; _module_preset=&#8221;default&#8221; text_text_color=&#8221;#17223e&#8221; text_font_size=&#8221;19px&#8221; text_line_height=&#8221;1.4em&#8221;]<\/p>\n<p>Informacijske re\u0161itve in storitve temeljijo na pravih ljudeh s pravim znanjem. Informatika, d.d. je v zadnjih 20 letih zgradila skupino visoko usposobljenih in izku\u0161enih svetovalcev. Imamo poglobljena domenska znanja na naslednjih podro\u010djih:<\/p>\n<p>[\/et_pb_text][\/et_pb_column][et_pb_column type=&#8221;1_4&#8243; module_class=&#8221;ds-vertical-align&#8221; _builder_version=&#8221;4.7.3&#8243; _module_preset=&#8221;default&#8221; animation_style=&#8221;slide&#8221; animation_direction=&#8221;right&#8221; animation_intensity_slide=&#8221;5%&#8221;][et_pb_blurb title=&#8221;Data exchange on the electricity market&#8221; use_icon=&#8221;on&#8221; font_icon=&#8221;%%57%%&#8221; use_icon_font_size=&#8221;on&#8221; icon_font_size=&#8221;51px&#8221; _builder_version=&#8221;4.7.3&#8243; _module_preset=&#8221;default&#8221; header_font_size=&#8221;17px&#8221; background_color=&#8221;#ffffff&#8221; text_orientation=&#8221;center&#8221; custom_padding=&#8221;18px|13px|18px|13px|true|true&#8221; custom_css_blurb_title=&#8221;margin-top:-15px&#8221; border_radii=&#8221;on|18px|18px|18px|18px&#8221; box_shadow_style=&#8221;preset1&#8243; box_shadow_blur=&#8221;55px&#8221; box_shadow_color=&#8221;rgba(0,0,0,0.1)&#8221;][\/et_pb_blurb][et_pb_blurb title=&#8221;Electricity supply chain business processes&#8221; use_icon=&#8221;on&#8221; font_icon=&#8221;%%57%%&#8221; use_icon_font_size=&#8221;on&#8221; icon_font_size=&#8221;51px&#8221; _builder_version=&#8221;4.7.3&#8243; _module_preset=&#8221;default&#8221; header_font_size=&#8221;17px&#8221; background_color=&#8221;#ffffff&#8221; text_orientation=&#8221;center&#8221; custom_padding=&#8221;18px|13px|18px|13px|true|true&#8221; custom_css_blurb_title=&#8221;margin-top:-15px&#8221; border_radii=&#8221;on|18px|18px|18px|18px&#8221; box_shadow_style=&#8221;preset1&#8243; box_shadow_blur=&#8221;55px&#8221; box_shadow_color=&#8221;rgba(0,0,0,0.1)&#8221;][\/et_pb_blurb][et_pb_blurb title=&#8221;Billing for electric power grid services&#8221; use_icon=&#8221;on&#8221; font_icon=&#8221;%%57%%&#8221; use_icon_font_size=&#8221;on&#8221; icon_font_size=&#8221;51px&#8221; _builder_version=&#8221;4.7.3&#8243; _module_preset=&#8221;default&#8221; header_font_size=&#8221;17px&#8221; background_color=&#8221;#ffffff&#8221; text_orientation=&#8221;center&#8221; custom_padding=&#8221;18px|13px|18px|13px|true|true&#8221; custom_css_blurb_title=&#8221;margin-top:-15px&#8221; border_radii=&#8221;on|18px|18px|18px|18px&#8221; box_shadow_style=&#8221;preset1&#8243; box_shadow_blur=&#8221;55px&#8221; box_shadow_color=&#8221;rgba(0,0,0,0.1)&#8221;][\/et_pb_blurb][\/et_pb_column][et_pb_column type=&#8221;1_4&#8243; module_class=&#8221;ds-vertical-align&#8221; _builder_version=&#8221;4.7.3&#8243; _module_preset=&#8221;default&#8221; animation_style=&#8221;slide&#8221; animation_direction=&#8221;right&#8221; animation_delay=&#8221;300ms&#8221; animation_intensity_slide=&#8221;5%&#8221;][et_pb_blurb title=&#8221;Billing for electric power supply services&#8221; use_icon=&#8221;on&#8221; font_icon=&#8221;%%57%%&#8221; use_icon_font_size=&#8221;on&#8221; icon_font_size=&#8221;51px&#8221; _builder_version=&#8221;4.7.3&#8243; _module_preset=&#8221;default&#8221; header_font_size=&#8221;17px&#8221; background_color=&#8221;#ffffff&#8221; text_orientation=&#8221;center&#8221; custom_padding=&#8221;18px|13px|18px|13px|true|true&#8221; custom_css_blurb_title=&#8221;margin-top:-15px&#8221; border_radii=&#8221;on|18px|18px|18px|18px&#8221; box_shadow_style=&#8221;preset1&#8243; box_shadow_blur=&#8221;55px&#8221; box_shadow_color=&#8221;rgba(0,0,0,0.1)&#8221;][\/et_pb_blurb][et_pb_blurb title=&#8221;Billing for other energy sources (gas, district heating, etc.)&#8221; use_icon=&#8221;on&#8221; font_icon=&#8221;%%57%%&#8221; use_icon_font_size=&#8221;on&#8221; icon_font_size=&#8221;51px&#8221; _builder_version=&#8221;4.7.3&#8243; _module_preset=&#8221;default&#8221; header_font_size=&#8221;17px&#8221; background_color=&#8221;#ffffff&#8221; text_orientation=&#8221;center&#8221; custom_padding=&#8221;18px|13px|18px|13px|true|true&#8221; custom_css_blurb_title=&#8221;margin-top:-15px&#8221; border_radii=&#8221;on|18px|18px|18px|18px&#8221; box_shadow_style=&#8221;preset1&#8243; box_shadow_blur=&#8221;55px&#8221; box_shadow_color=&#8221;rgba(0,0,0,0.1)&#8221;][\/et_pb_blurb][et_pb_blurb title=&#8221;Spremembe poslovnih procesov v elektrodistribucijskih podjetjih in dobaviteljih elektri\u010dne energije v fazah odpiranja in deregulacije trga z elektri\u010dno energijo&#8221; use_icon=&#8221;on&#8221; font_icon=&#8221;%%57%%&#8221; use_icon_font_size=&#8221;on&#8221; icon_font_size=&#8221;51px&#8221; _builder_version=&#8221;4.7.3&#8243; _module_preset=&#8221;default&#8221; header_font_size=&#8221;17px&#8221; background_color=&#8221;#ffffff&#8221; text_orientation=&#8221;center&#8221; custom_padding=&#8221;18px|13px|18px|13px|true|true&#8221; custom_css_blurb_title=&#8221;margin-top:-15px&#8221; border_radii=&#8221;on|18px|18px|18px|18px&#8221; box_shadow_style=&#8221;preset1&#8243; box_shadow_blur=&#8221;55px&#8221; box_shadow_color=&#8221;rgba(0,0,0,0.1)&#8221;][\/et_pb_blurb][\/et_pb_column][\/et_pb_row][et_pb_row column_structure=&#8221;1_2,1_2&#8243; make_equal=&#8221;on&#8221; _builder_version=&#8221;4.7.3&#8243; _module_preset=&#8221;default&#8221; width=&#8221;100%&#8221; max_width=&#8221;none&#8221;][et_pb_column type=&#8221;1_2&#8243; _builder_version=&#8221;4.7.3&#8243; _module_preset=&#8221;default&#8221;][et_pb_image src=&#8221;https:\/\/www.informatika.si\/wp-content\/uploads\/2020\/11\/svetovanje-slika.jpg&#8221; title_text=&#8221;svetovanje slika&#8221; _builder_version=&#8221;4.7.3&#8243; _module_preset=&#8221;default&#8221; animation_style=&#8221;slide&#8221; animation_direction=&#8221;left&#8221; animation_intensity_slide=&#8221;4%&#8221;][\/et_pb_image][\/et_pb_column][et_pb_column type=&#8221;1_2&#8243; module_class=&#8221;ds-vertical-align&#8221; _builder_version=&#8221;4.7.3&#8243; _module_preset=&#8221;default&#8221; custom_padding=&#8221;|5vw|||false|false&#8221;][et_pb_text _builder_version=&#8221;4.7.3&#8243; _module_preset=&#8221;default&#8221; text_text_color=&#8221;#17223e&#8221; text_font_size=&#8221;19px&#8221; text_line_height=&#8221;1.4em&#8221;]<\/p>\n<p>Ta domenska znanja dopolnjujemo z znanji s podro\u010dja razvoja in informacijske podpore poslovnim procesom ter integracije razli\u010dnih informacijskih sistemov.<\/p>\n<p>Z na\u0161imi svetovalci smo tako lahko kos vsem izzivom na podro\u010dju obra\u010dunavanja storitev in izmenjave podatkov za komunalna podjetja, podjetja, ki se ukvarjajo z distribucijo ali prodajo plina.<\/p>\n<p>Svetujemo vam lahko tudi na drugih podro\u010djih in sicer:<\/p>\n<ul>\n<li>Na\u010drtovanje in razvoj informacijskih re\u0161itev<\/li>\n<li>Razvoj procesno orientiranih aplikacij<\/li>\n<li>Najbolj\u0161e prakse upravljanja storitev v oblaku<\/li>\n<li>Ra\u010dunalni\u0161ka omre\u017eja in varnost<\/li>\n<li>Podatkovno modeliranje<\/li>\n<\/ul>\n<p>[\/et_pb_text][\/et_pb_column][\/et_pb_row][\/et_pb_section][et_pb_section fb_built=&#8221;1&#8243; next_background_color=&#8221;#ffffff&#8221; module_id=&#8221;razvoj&#8221; _builder_version=&#8221;4.7.3&#8243; _module_preset=&#8221;default&#8221; background_image=&#8221;https:\/\/www.informatika.si\/wp-content\/uploads\/2020\/11\/cloud-32.jpg&#8221; custom_padding=&#8221;132px||201px|||&#8221; top_divider_style=&#8221;slant2&#8243; top_divider_color=&#8221;#eeeeee&#8221; top_divider_height=&#8221;143px&#8221; bottom_divider_style=&#8221;slant2&#8243;][et_pb_row column_structure=&#8221;1_2,1_2&#8243; _builder_version=&#8221;4.7.3&#8243; _module_preset=&#8221;default&#8221;][et_pb_column type=&#8221;1_2&#8243; _builder_version=&#8221;4.7.3&#8243; _module_preset=&#8221;default&#8221;][et_pb_text module_class=&#8221;h2-under&#8221; _builder_version=&#8221;4.7.3&#8243; _module_preset=&#8221;default&#8221; header_2_text_color=&#8221;#ffffff&#8221; custom_margin=&#8221;||19px||false|false&#8221;]<\/p>\n<h2>Razvoj po meri za oblak<\/h2>\n<p>[\/et_pb_text][et_pb_divider color=&#8221;#dddddd&#8221; divider_weight=&#8221;5px&#8221; _builder_version=&#8221;4.7.3&#8243; _module_preset=&#8221;default&#8221; width=&#8221;100px&#8221; custom_margin=&#8221;||10px||false|false&#8221; animation_style=&#8221;slide&#8221; animation_direction=&#8221;right&#8221; animation_intensity_slide=&#8221;16%&#8221;][\/et_pb_divider][et_pb_text _builder_version=&#8221;4.7.3&#8243; _module_preset=&#8221;default&#8221; text_text_color=&#8221;#ffffff&#8221;]<\/p>\n<p>Informatika, d.d. ima znanje in razvojni potencial, da vam poleg obstoje\u010dih storitev ponuja tudi razvoj novih informacijskih storitev v oblaku kar vklju\u010duje:<\/p>\n<p>[\/et_pb_text][\/et_pb_column][et_pb_column type=&#8221;1_2&#8243; _builder_version=&#8221;4.7.3&#8243; _module_preset=&#8221;default&#8221;][\/et_pb_column][\/et_pb_row][et_pb_row column_structure=&#8221;1_4,1_4,1_4,1_4&#8243; _builder_version=&#8221;4.7.3&#8243; _module_preset=&#8221;default&#8221;][et_pb_column type=&#8221;1_4&#8243; _builder_version=&#8221;4.7.3&#8243; _module_preset=&#8221;default&#8221;][et_pb_blurb title=&#8221;Planning and design of IT services&#8221; image=&#8221;https:\/\/www.informatika.si\/wp-content\/uploads\/2020\/11\/001-plan.png&#8221; image_max_width=&#8221;60%&#8221; _builder_version=&#8221;4.7.3&#8243; _module_preset=&#8221;default&#8221; header_font_size=&#8221;17px&#8221; text_orientation=&#8221;center&#8221; background_layout=&#8221;dark&#8221; custom_css_blurb_title=&#8221;margin-top:-15px&#8221;][\/et_pb_blurb][et_pb_blurb title=&#8221;Putting services into production and operation&#8221; image=&#8221;https:\/\/www.informatika.si\/wp-content\/uploads\/2020\/11\/004-website.png&#8221; image_max_width=&#8221;60%&#8221; _builder_version=&#8221;4.7.3&#8243; _module_preset=&#8221;default&#8221; header_font_size=&#8221;17px&#8221; text_orientation=&#8221;center&#8221; background_layout=&#8221;dark&#8221; custom_css_blurb_title=&#8221;margin-top:-15px&#8221;][\/et_pb_blurb][\/et_pb_column][et_pb_column type=&#8221;1_4&#8243; _builder_version=&#8221;4.7.3&#8243; _module_preset=&#8221;default&#8221;][et_pb_blurb title=&#8221;Development of IT services&#8221; image=&#8221;https:\/\/www.informatika.si\/wp-content\/uploads\/2020\/11\/003-web-programming.png&#8221; image_max_width=&#8221;60%&#8221; _builder_version=&#8221;4.7.3&#8243; _module_preset=&#8221;default&#8221; header_font_size=&#8221;17px&#8221; text_orientation=&#8221;center&#8221; background_layout=&#8221;dark&#8221; custom_css_blurb_title=&#8221;margin-top:-15px&#8221;][\/et_pb_blurb][et_pb_blurb title=&#8221;Maintenance and upgrading of IT services&#8221; image=&#8221;https:\/\/www.informatika.si\/wp-content\/uploads\/2020\/11\/002-settings.png&#8221; image_max_width=&#8221;60%&#8221; _builder_version=&#8221;4.7.3&#8243; _module_preset=&#8221;default&#8221; header_font_size=&#8221;17px&#8221; text_orientation=&#8221;center&#8221; background_layout=&#8221;dark&#8221; custom_css_blurb_title=&#8221;margin-top:-15px&#8221;][\/et_pb_blurb][\/et_pb_column][et_pb_column type=&#8221;1_4&#8243; _builder_version=&#8221;4.7.3&#8243; _module_preset=&#8221;default&#8221;][\/et_pb_column][et_pb_column type=&#8221;1_4&#8243; _builder_version=&#8221;4.7.3&#8243; _module_preset=&#8221;default&#8221;][\/et_pb_column][\/et_pb_row][\/et_pb_section][et_pb_section fb_built=&#8221;1&#8243; module_id=&#8221;politika&#8221; _builder_version=&#8221;4.7.3&#8243; _module_preset=&#8221;default&#8221; custom_padding=&#8221;61px|||||&#8221;][et_pb_row _builder_version=&#8221;4.7.3&#8243; _module_preset=&#8221;default&#8221;][et_pb_column type=&#8221;4_4&#8243; _builder_version=&#8221;4.7.3&#8243; _module_preset=&#8221;default&#8221;][et_pb_text module_class=&#8221;h2-under&#8221; _builder_version=&#8221;4.7.3&#8243; _module_preset=&#8221;default&#8221; header_2_text_color=&#8221;#17223e&#8221; custom_margin=&#8221;||19px||false|false&#8221;]<\/p>\n<h2>Politika kakovosti in politika informacijske vrednosti<\/h2>\n<p>[\/et_pb_text][et_pb_divider color=&#8221;#dddddd&#8221; divider_weight=&#8221;5px&#8221; _builder_version=&#8221;4.7.3&#8243; _module_preset=&#8221;default&#8221; width=&#8221;100px&#8221; custom_margin=&#8221;||10px||false|false&#8221; animation_style=&#8221;slide&#8221; animation_direction=&#8221;right&#8221; animation_intensity_slide=&#8221;16%&#8221;][\/et_pb_divider][et_pb_text _builder_version=&#8221;4.7.3&#8243; _module_preset=&#8221;default&#8221;]<\/p>\n<p>S politiko kakovosti in politiko informacijske varnosti v Informatiki, d. d. stremimo h korektnemu zadovoljevanju informacijskih zahtev naro\u010dnikov, kon\u010dnih uporabnikov in nas samih.<\/p>\n<p>Naro\u010dnikom oziroma kon\u010dnim uporabnikom zagotavljamo prave podatke na pravi na\u010din v pravem trenutku. Pri tem pa skrbimo, da ne pridejo v roke oseb, ki bi ih lahko kakorkoli zlorabile in tako \u0161kodovale naro\u010dnikom, zaposlenim, ali drugim osebam. Razvoj, izgradnjo in delovanje informacijskega sistema optimiziramo na osnovi zahtev, ki jih postavljamo skupaj z naro\u010dniki.<\/p>\n<p>Pri izvajanju strategije upo\u0161tevamo pravila stroke, prilagajamo organizacijo dela, izbolj\u0161ujemo izrabo znanja in optimiziramo uporabo vseh virov glede na zmo\u017enosti tehnologije ter negujemo dobre odnose s kon\u010dnimi uporabniki pri naro\u010dniku.<\/p>\n<p>Gornje dosegamo tudi s sistemom vodenja kakovosti, ki se dopolnjuje s sistemi vodenja kakovosti pri nekaterih naro\u010dnikih. To pomeni formalizacijo dosedanjega obvladovanja kakovosti, ve\u010djo urejenost poslovanja, merljivost in dosledno sledljivost. Vse to omogo\u010da prehod na naslednjo vi\u0161jo stopnjo zrelosti podjetja.<\/p>\n<p>Uresni\u010devanje politike pomeni:<\/p>\n<ul>\n<li>sledenje viziji in ciljem ter izvajanje poslanstva podjetja,<\/li>\n<li>upo\u0161tevanje vsakokratne strategije dru\u017ebe, zapisane v Gospodarskem na\u010drtu,<\/li>\n<li>pravo\u010dasnost obdelav in dostave programskih izdelkov,<\/li>\n<li>to\u010dnost in natan\u010dnost rezultatov,<\/li>\n<li>varovanje podatkov in informacij z vidika ohranjanja zaupnosti, celovitosti in razpolo\u017eljivosti,<\/li>\n<li>razpolo\u017eljivost funkcij IS,<\/li>\n<li>kratek odzivni \u010das,<\/li>\n<li>u\u010dinkovita uporaba sodobnih tehnologij, standardizacija re\u0161itev in upo\u0161tevanje dobre prakse,<\/li>\n<li>razmere, ki omogo\u010dajo usklajevanje poklicnega in zasebnega \u017eivljenja zaposlenih,<\/li>\n<li>preventivno na\u010drtovanje in izvedba ukrepov za za\u0161\u010dito informacij, kjer lahko pride do nesprejemljive \u0161kode v primeru udejanjene gro\u017enje,<\/li>\n<li>prednostno obravnavanje tveganj, ki so bila prepoznana kot pomembna za informacijsko varnost,<\/li>\n<li>zavarovanje pred materialno \u0161kodo, ki lahko nastane zaradi izgube zaupnosti, celovitosti in razpolo\u017eljivosti informacij ter informacijskih sredstev,<\/li>\n<li>da sodelujemo in usklajujemo politike informacijske varnosti (postopke, metode\u2026) z naro\u010dniki na\u0161ih storitev, \u0161e posebej z elektrodistribucijskimi podjetji,<\/li>\n<li>izpolnjevanje veljavnih zakonskih in drugih zahtev,<\/li>\n<li>nenehno izbolj\u0161evanje sistema vodenja<\/li>\n<\/ul>\n<p>Direktor dru\u017ebe se zavezuje k nenehnemu izbolj\u0161evanju sistema vodenja. S to politiko seznanjamo vse zaposlene in je na razpolago zainteresiranim stran<\/p>\n<p>[\/et_pb_text][\/et_pb_column][\/et_pb_row][\/et_pb_section]<\/p>\n","protected":false},"excerpt":{"rendered":"<p>Gostovanje re\u0161itevRa\u010dunalni\u0161tvo v oblaku spreminja igro. Pritiski na ni\u017eanje stro\u0161kov dobave in vzdr\u017eevanja infrastrukture ob hkratni zahtevi po fleksibilni in skalabilni platformi so vedno ve\u010dji. Iz tega razloga Informatika ponuja vse svoje re\u0161itve kot storitve v oblaku, saj lahko le na ta na\u010din zadovoljimo zahteve kot so:Informatika, d.d. se je pozicionirala kot ponudnik storitev v [&hellip;]<\/p>\n","protected":false},"author":1,"featured_media":0,"parent":0,"menu_order":0,"comment_status":"closed","ping_status":"closed","template":"","meta":{"_seopress_robots_primary_cat":"","_seopress_titles_title":"","_seopress_titles_desc":"","_seopress_robots_index":"","_et_pb_use_builder":"on","_et_pb_old_content":"","_et_gb_content_width":"","footnotes":""},"class_list":["post-329037","page","type-page","status-publish","hentry"],"_links":{"self":[{"href":"https:\/\/www.informatika.si\/en\/wp-json\/wp\/v2\/pages\/329037","targetHints":{"allow":["GET"]}}],"collection":[{"href":"https:\/\/www.informatika.si\/en\/wp-json\/wp\/v2\/pages"}],"about":[{"href":"https:\/\/www.informatika.si\/en\/wp-json\/wp\/v2\/types\/page"}],"author":[{"embeddable":true,"href":"https:\/\/www.informatika.si\/en\/wp-json\/wp\/v2\/users\/1"}],"replies":[{"embeddable":true,"href":"https:\/\/www.informatika.si\/en\/wp-json\/wp\/v2\/comments?post=329037"}],"version-history":[{"count":2,"href":"https:\/\/www.informatika.si\/en\/wp-json\/wp\/v2\/pages\/329037\/revisions"}],"predecessor-version":[{"id":329039,"href":"https:\/\/www.informatika.si\/en\/wp-json\/wp\/v2\/pages\/329037\/revisions\/329039"}],"wp:attachment":[{"href":"https:\/\/www.informatika.si\/en\/wp-json\/wp\/v2\/media?parent=329037"}],"curies":[{"name":"wp","href":"https:\/\/api.w.org\/{rel}","templated":true}]}}